{"id":308,"date":"2020-01-13T11:17:52","date_gmt":"2020-01-13T11:17:52","guid":{"rendered":"https:\/\/demosites.io\/web-agency-gb\/?page_id=5"},"modified":"2024-12-19T15:36:25","modified_gmt":"2024-12-19T15:36:25","slug":"15c42-web-agency-gb-home","status":"publish","type":"page","link":"https:\/\/geotecat.es\/","title":{"rendered":"Inici"},"content":{"rendered":"\n<div class=\"wp-block-cover alignfull\" style=\"min-height:700px;aspect-ratio:unset;\"><span aria-hidden=\"true\" class=\"wp-block-cover__background has-nv-text-dark-bg-background-color has-background-dim-20 has-background-dim\"><\/span><img loading=\"lazy\" decoding=\"async\" width=\"2048\" height=\"1365\" class=\"wp-block-cover__image-background wp-image-342\" alt=\"\" src=\"https:\/\/geotecat.es\/wp-content\/uploads\/2021\/10\/Imatge_fons_BN.jpg\" style=\"object-position:9% 57%\" data-object-fit=\"cover\" data-object-position=\"9% 57%\" srcset=\"https:\/\/geotecat.es\/wp-content\/uploads\/2021\/10\/Imatge_fons_BN.jpg 2048w, https:\/\/geotecat.es\/wp-content\/uploads\/2021\/10\/Imatge_fons_BN-300x200.jpg 300w, https:\/\/geotecat.es\/wp-content\/uploads\/2021\/10\/Imatge_fons_BN-1024x683.jpg 1024w, https:\/\/geotecat.es\/wp-content\/uploads\/2021\/10\/Imatge_fons_BN-768x512.jpg 768w, https:\/\/geotecat.es\/wp-content\/uploads\/2021\/10\/Imatge_fons_BN-1536x1024.jpg 1536w, https:\/\/geotecat.es\/wp-content\/uploads\/2021\/10\/Imatge_fons_BN-930x620.jpg 930w\" sizes=\"auto, (max-width: 2048px) 100vw, 2048px\" \/><div class=\"wp-block-cover__inner-container is-layout-flow wp-block-cover-is-layout-flow\">\n<div style=\"height:25px\" aria-hidden=\"true\" class=\"wp-block-spacer\"><\/div>\n\n\n\n<h2 class=\"wp-block-heading has-text-align-center has-text-color\" style=\"color:#fefefb\">Consultoria ambiental i territorial<\/h2>\n\n\n\n<p class=\"has-nv-text-dark-bg-color has-text-color\" id=\"000000\">Amb la <strong>sostenibilitat<\/strong> com a missi\u00f3 principal i la professionalitat com a eina b\u00e0sica intentam trobar la millor soluci\u00f3 per als nostres clients, tant del sector p\u00fablic com privat. Mitjan\u00e7ant les <strong>tecnologies d\u2019informaci\u00f3 geogr\u00e0fica<\/strong> oferim serveis relacionats amb el medi ambient, el territori i la cartografia de l\u2019\u00e0mbit balear.<\/p>\n\n\n\n<p class=\"has-nv-text-dark-bg-color has-text-color\">L\u2019assessorament, l\u2019assist\u00e8ncia t\u00e8cnica i l\u2019impuls d\u2019idees, normatives i projectes s\u00f3n part del dia a dia de l\u2019organitzaci\u00f3, la qual es fonamenta en un equip efectiu, multidisciplinari i de qualitat.&nbsp;&nbsp;<\/p>\n\n\n\n<div class=\"wp-block-buttons is-horizontal is-content-justification-center is-layout-flex wp-container-core-buttons-is-layout-499968f5 wp-block-buttons-is-layout-flex\">\n<div class=\"wp-block-button is-style-secondary\"><a class=\"wp-block-button__link wp-element-button\" href=\"https:\/\/geotecat.es\/?page_id=75\">CONTACTA<\/a><\/div>\n<\/div>\n\n\n\n<div style=\"height:38px\" aria-hidden=\"true\" class=\"wp-block-spacer\"><\/div>\n<\/div><\/div>\n\n\n\n<div class=\"wp-block-cover alignfull\" style=\"min-height:190px;aspect-ratio:unset;\"><span aria-hidden=\"true\" class=\"wp-block-cover__background has-nv-dark-bg-background-color has-background-dim-100 has-background-dim\"><\/span><div class=\"wp-block-cover__inner-container is-layout-flow wp-block-cover-is-layout-flow\">\n<p class=\"has-text-align-center\" style=\"padding-top:0;padding-right:var(--wp--preset--spacing--70);padding-bottom:0;padding-left:var(--wp--preset--spacing--70);font-size:32px\"><img loading=\"lazy\" decoding=\"async\" width=\"30\" height=\"30\" class=\"wp-image-14\" style=\"width: 30px;\" src=\"http:\/\/geotecat.es\/wp-content\/uploads\/2021\/10\/cropped-GEOTEC-14.png\" alt=\"\" srcset=\"https:\/\/geotecat.es\/wp-content\/uploads\/2021\/10\/cropped-GEOTEC-14.png 512w, https:\/\/geotecat.es\/wp-content\/uploads\/2021\/10\/cropped-GEOTEC-14-300x300.png 300w, https:\/\/geotecat.es\/wp-content\/uploads\/2021\/10\/cropped-GEOTEC-14-150x150.png 150w, https:\/\/geotecat.es\/wp-content\/uploads\/2021\/10\/cropped-GEOTEC-14-270x270.png 270w, https:\/\/geotecat.es\/wp-content\/uploads\/2021\/10\/cropped-GEOTEC-14-192x192.png 192w, https:\/\/geotecat.es\/wp-content\/uploads\/2021\/10\/cropped-GEOTEC-14-180x180.png 180w, https:\/\/geotecat.es\/wp-content\/uploads\/2021\/10\/cropped-GEOTEC-14-32x32.png 32w\" sizes=\"auto, (max-width: 30px) 100vw, 30px\" \/> GEOTEC<br><strong>C<\/strong>onsultoria <strong>A<\/strong>mbiental i <strong>T<\/strong>erritorial <\/p>\n<\/div><\/div>\n\n\n\n<p><\/p>\n","protected":false},"excerpt":{"rendered":"","protected":false},"author":1,"featured_media":367,"parent":0,"menu_order":20,"comment_status":"closed","ping_status":"closed","template":"","meta":{"om_disable_all_campaigns":false,"_monsterinsights_skip_tracking":false,"_monsterinsights_sitenote_active":false,"_monsterinsights_sitenote_note":"","_monsterinsights_sitenote_category":0,"neve_meta_sidebar":"default","neve_meta_container":"default","neve_meta_enable_content_width":"on","neve_meta_content_width":50,"neve_meta_title_alignment":"","neve_meta_author_avatar":"","neve_post_elements_order":"","neve_meta_disable_header":"","neve_meta_disable_footer":"","neve_meta_disable_title":"on","footnotes":""},"class_list":["post-308","page","type-page","status-publish","has-post-thumbnail","hentry"],"aioseo_notices":[],"_links":{"self":[{"href":"https:\/\/geotecat.es\/index.php?rest_route=\/wp\/v2\/pages\/308","targetHints":{"allow":["GET"]}}],"collection":[{"href":"https:\/\/geotecat.es\/index.php?rest_route=\/wp\/v2\/pages"}],"about":[{"href":"https:\/\/geotecat.es\/index.php?rest_route=\/wp\/v2\/types\/page"}],"author":[{"embeddable":true,"href":"https:\/\/geotecat.es\/index.php?rest_route=\/wp\/v2\/users\/1"}],"replies":[{"embeddable":true,"href":"https:\/\/geotecat.es\/index.php?rest_route=%2Fwp%2Fv2%2Fcomments&post=308"}],"version-history":[{"count":22,"href":"https:\/\/geotecat.es\/index.php?rest_route=\/wp\/v2\/pages\/308\/revisions"}],"predecessor-version":[{"id":483,"href":"https:\/\/geotecat.es\/index.php?rest_route=\/wp\/v2\/pages\/308\/revisions\/483"}],"wp:featuredmedia":[{"embeddable":true,"href":"https:\/\/geotecat.es\/index.php?rest_route=\/wp\/v2\/media\/367"}],"wp:attachment":[{"href":"https:\/\/geotecat.es\/index.php?rest_route=%2Fwp%2Fv2%2Fmedia&parent=308"}],"curies":[{"name":"wp","href":"https:\/\/api.w.org\/{rel}","templated":true}]}}